{"id":74,"date":"2015-07-23T20:47:43","date_gmt":"2015-07-23T20:47:43","guid":{"rendered":"http:\/\/dederer.ch\/geigenbau\/?page_id=74"},"modified":"2018-07-10T21:14:49","modified_gmt":"2018-07-10T21:14:49","slug":"barockneubau","status":"publish","type":"page","link":"https:\/\/dederer.ch\/geigenbau\/werkstatt\/barockneubau\/","title":{"rendered":"Barockneubau"},"content":{"rendered":"<p>Nach sieben Jahren in einer Geigenbau-Werkstatt in Wien verlegte ich meinen Arbeitsschwerpunkt auf den Neubau von Instrumenten\u00a0 und begann, mich mit historisch informierter Musizierpraxis zu befassen.<\/p>\n<p>\u00dcber den Geigenbau und das politische und soziale Umfeld in Cremona des 17. und 18. Jahrhunderts ist in den letzten Jahren viel geforscht worden, und wir verf\u00fcgen dank hervorragender Publikationen \u00fcber einen sehr guten Wissensstand.<br \/>\nBeispiel:<br \/>\n<a href=\"http:\/\/www.roger-hargrave.de\/Seiten\/english\/Bibliothek\/Bibliothek.htm\"><strong>The Working Methods of Guarneri del Ges\u00f9 and their Influence upon his stylistic Development<\/strong><\/a><br \/>\nMeine Intention ist es, f\u00fcr die historische Auff\u00fchrungspraxis Instrumente zu bauen, wie sie vor 300 bis 350 Jahren aus einer Werkstatt in Cremona h\u00e4tten kommen k\u00f6nnen: genagelter Hals, furniertes Griffbrett und Saitenhalter, Darmsaiten.<\/p>\n<style type=\"text\/css\" scoped>.rbs_gallery_69e1b98e36f96Spinner{\r\n\t\t\t\tmargin: 50px auto;\r\n\t\t\t\twidth: 50px;\r\n\t\t\t\theight: 40px;\r\n\t\t\t\ttext-align: center;\r\n\t\t\t\tfont-size: 10px;\r\n\t\t\t}\r\n\t\t\t.rbs_gallery_69e1b98e36f96Spinner > div{\r\n\t\t\t  background-color: #333;\r\n\t\t\t  height: 100%;\r\n\t\t\t  width: 6px;\r\n\t\t\t  display: inline-block;\r\n\t\t\t  -webkit-animation: rbs_gallery_69e1b98e36f96-stretchdelay 1.2s infinite ease-in-out;\r\n\t\t\t  animation: rbs_gallery_69e1b98e36f96-stretchdelay 1.2s infinite ease-in-out;\r\n\t\t\t}\r\n\t\t\t.rbs_gallery_69e1b98e36f96Spinner .rbs_gallery_69e1b98e36f96Rect2 {\r\n\t\t\t  -webkit-animation-delay: -1.1s;\r\n\t\t\t  animation-delay: -1.1s;\r\n\t\t\t}\r\n\t\t\t.rbs_gallery_69e1b98e36f96Spinner .rbs_gallery_69e1b98e36f96Rect3 {\r\n\t\t\t  -webkit-animation-delay: -1.0s;\r\n\t\t\t  animation-delay: -1.0s;\r\n\t\t\t}\r\n\t\t\t.rbs_gallery_69e1b98e36f96Spinner .rbs_gallery_69e1b98e36f96Rect4 {\r\n\t\t\t  -webkit-animation-delay: -0.9s;\r\n\t\t\t  animation-delay: -0.9s;\r\n\t\t\t}\r\n\t\t\t.rbs_gallery_69e1b98e36f96Spinner .rbs_gallery_69e1b98e36f96Rect5 {\r\n\t\t\t  -webkit-animation-delay: -0.8s;\r\n\t\t\t  animation-delay: -0.8s;\r\n\t\t\t}\r\n\t\t\t@-webkit-keyframes rbs_gallery_69e1b98e36f96-stretchdelay {\r\n\t\t\t  0%, 40%, 100% { -webkit-transform: scaleY(0.4) }  \r\n\t\t\t  20% { -webkit-transform: scaleY(1.0) }\r\n\t\t\t}\r\n\t\t\t@keyframes rbs_gallery_69e1b98e36f96-stretchdelay {\r\n\t\t\t  0%, 40%, 100% { \r\n\t\t\t    transform: scaleY(0.4);\r\n\t\t\t    -webkit-transform: scaleY(0.4);\r\n\t\t\t  }  20% { \r\n\t\t\t    transform: scaleY(1.0);\r\n\t\t\t    -webkit-transform: scaleY(1.0);\r\n\t\t\t  }\r\n\t\t\t}\r\n\t\t<\/style><div class=\"robo-gallery-wrap robo-gallery-wrap-id360 robo-gallery-\" ><div id=\"rbs_gallery_69e1b98e36f96-block-loader\" class=\"rbs_gallery_69e1b98e36f96Spinner\"><div class=\"rbs_gallery_69e1b98e36f96Rect1\"><\/div> <div class=\"rbs_gallery_69e1b98e36f96Rect2\"><\/div> <div class=\"rbs_gallery_69e1b98e36f96Rect3\"><\/div> <div class=\"rbs_gallery_69e1b98e36f96Rect4\"><\/div> <div class=\"rbs_gallery_69e1b98e36f96Rect5\"><\/div><\/div><div id=\"robo_gallery_main_block_rbs_gallery_69e1b98e36f96\" class=\"robogallery-gallery-360\" style=\"width:100%;  display: none;\"><div id=\"rbs_gallery_69e1b98e36f96\" data-options=\"rbs_gallery_69e1b98e36f96\" style=\"width:100%;\" class=\"robo_gallery  \"><div class=\"rbs-img  category360 \" ><div class=\"rbs-img-image   rbs-lightbox \" ><div class=\"rbs-img-thumbs\"  data-thumbnail=\"https:\/\/dederer.ch\/geigenbau\/wp-content\/uploads\/violini21-150x150.jpg\"  title=\"violini21\"  data-width=\"150\"  data-height=\"150\" ><\/div><div class=\"rbs-img-data-popup\"  data-popup=\"https:\/\/dederer.ch\/geigenbau\/wp-content\/uploads\/violini21.jpg\"  title=\"\" ><\/div><\/div><\/div><div class=\"rbs-img  category360 \" ><div class=\"rbs-img-image   rbs-lightbox \" ><div class=\"rbs-img-thumbs\"  data-thumbnail=\"https:\/\/dederer.ch\/geigenbau\/wp-content\/uploads\/violini20-150x150.jpg\"  title=\"violini20\"  data-width=\"150\"  data-height=\"150\" ><\/div><div class=\"rbs-img-data-popup\"  data-popup=\"https:\/\/dederer.ch\/geigenbau\/wp-content\/uploads\/violini20.jpg\"  title=\"\" ><\/div><\/div><\/div><div class=\"rbs-img  category360 \" ><div class=\"rbs-img-image   rbs-lightbox \" ><div class=\"rbs-img-thumbs\"  data-thumbnail=\"https:\/\/dederer.ch\/geigenbau\/wp-content\/uploads\/violini18-150x150.jpg\"  title=\"violini18\"  data-width=\"150\"  data-height=\"150\" ><\/div><div class=\"rbs-img-data-popup\"  data-popup=\"https:\/\/dederer.ch\/geigenbau\/wp-content\/uploads\/violini18.jpg\"  title=\"\" ><\/div><\/div><\/div><div class=\"rbs-img  category360 \" ><div class=\"rbs-img-image   rbs-lightbox \" ><div class=\"rbs-img-thumbs\"  data-thumbnail=\"https:\/\/dederer.ch\/geigenbau\/wp-content\/uploads\/violini15-150x150.jpg\"  title=\"violini15\"  data-width=\"150\"  data-height=\"150\" ><\/div><div class=\"rbs-img-data-popup\"  data-popup=\"https:\/\/dederer.ch\/geigenbau\/wp-content\/uploads\/violini15.jpg\"  title=\"\" ><\/div><\/div><\/div><div class=\"rbs-img  category360 \" ><div class=\"rbs-img-image   rbs-lightbox \" ><div class=\"rbs-img-thumbs\"  data-thumbnail=\"https:\/\/dederer.ch\/geigenbau\/wp-content\/uploads\/violini14-150x150.jpg\"  title=\"violini14\"  data-width=\"150\"  data-height=\"150\" ><\/div><div class=\"rbs-img-data-popup\"  data-popup=\"https:\/\/dederer.ch\/geigenbau\/wp-content\/uploads\/violini14.jpg\"  title=\"\" ><\/div><\/div><\/div><div class=\"rbs-img  category360 \" ><div class=\"rbs-img-image   rbs-lightbox \" ><div class=\"rbs-img-thumbs\"  data-thumbnail=\"https:\/\/dederer.ch\/geigenbau\/wp-content\/uploads\/violini1-150x150.jpg\"  title=\"violini1\"  data-width=\"150\"  data-height=\"150\" ><\/div><div class=\"rbs-img-data-popup\"  data-popup=\"https:\/\/dederer.ch\/geigenbau\/wp-content\/uploads\/violini1.jpg\"  title=\"\" ><\/div><\/div><\/div><\/div><\/div><\/div><script>var rbs_gallery_69e1b98e36f96 = {\"version\":\"5.1.0\",\"id\":360,\"class\":\"id360\",\"roboGalleryDelay\":1000,\"mainContainer\":\"#robo_gallery_main_block_rbs_gallery_69e1b98e36f96\",\"loadingContainer\":\"#rbs_gallery_69e1b98e36f96-block-loader\",\"loadingContainerObj\":\"rbs_gallery_69e1b98e36f96-block-loader\",\"columnWidth\":150,\"resolutions\":[{\"columnWidth\":100,\"maxWidth\":960},{\"columnWidth\":100,\"maxWidth\":650},{\"columnWidth\":100,\"maxWidth\":450}],\"deepLinking\":1,\"lightboxOptions\":{\"gallery\":{\"enabled\":true,\"tCounter\":\"%curr% von %total%\"}},\"overlayEffect\":\"direction-aware-fade\",\"boxesToLoadStart\":20,\"boxesToLoad\":2,\"LoadingWord\":\"Loading...\",\"loadMoreWord\":\"Load More\",\"noMoreEntriesWord\":\"No More Entries\",\"horizontalSpaceBetweenBoxes\":5,\"verticalSpaceBetweenBoxes\":5,\"lazyLoad\":0,\"wrapContainer\":\"#robo-gallery-wrap-rbs_gallery_69e1b98e36f96\"};<\/script>\n<p>Damals spielte man die Musik der Zeit auf Instrumenten derselben Zeit.<\/p>\n<p>Neben Barockgeigen und \u2013bratschen habe ich auch ein Violoncello piccolo gebaut, welches sich im Besitz der deutschen <a href=\"http:\/\/www.imkefrank.ch\">Cellistin Imke Frank<\/a> befindet.<\/p>\n<p>Die Barockinstrumente k\u00f6nnen auch kurzzeitig gemietet werden. <a href=\"http:\/\/dederer.ch\/geigenbau\/kontakt\/\">Bitte kontaktieren Sie mich<\/a>.<\/p>\n","protected":false},"excerpt":{"rendered":"<p>Nach sieben Jahren in einer Geigenbau-Werkstatt in Wien verlegte ich meinen Arbeitsschwerpunkt auf den Neubau von Instrumenten\u00a0 und begann, mich mit historisch informierter Musizierpraxis zu befassen. \u00dcber den Geigenbau und das politische und soziale Umfeld in Cremona des 17. und 18. Jahrhunderts ist in den letzten Jahren viel geforscht worden, und wir verf\u00fcgen dank hervorragender &hellip; <a href=\"https:\/\/dederer.ch\/geigenbau\/werkstatt\/barockneubau\/\" class=\"more-link\"><span class=\"screen-reader-text\">Barockneubau<\/span> weiterlesen <span class=\"meta-nav\">&rarr;<\/span><\/a><\/p>\n","protected":false},"author":2,"featured_media":0,"parent":137,"menu_order":2,"comment_status":"closed","ping_status":"open","template":"","meta":{"footnotes":""},"class_list":["post-74","page","type-page","status-publish","hentry"],"_links":{"self":[{"href":"https:\/\/dederer.ch\/geigenbau\/wp-json\/wp\/v2\/pages\/74","targetHints":{"allow":["GET"]}}],"collection":[{"href":"https:\/\/dederer.ch\/geigenbau\/wp-json\/wp\/v2\/pages"}],"about":[{"href":"https:\/\/dederer.ch\/geigenbau\/wp-json\/wp\/v2\/types\/page"}],"author":[{"embeddable":true,"href":"https:\/\/dederer.ch\/geigenbau\/wp-json\/wp\/v2\/users\/2"}],"replies":[{"embeddable":true,"href":"https:\/\/dederer.ch\/geigenbau\/wp-json\/wp\/v2\/comments?post=74"}],"version-history":[{"count":6,"href":"https:\/\/dederer.ch\/geigenbau\/wp-json\/wp\/v2\/pages\/74\/revisions"}],"predecessor-version":[{"id":560,"href":"https:\/\/dederer.ch\/geigenbau\/wp-json\/wp\/v2\/pages\/74\/revisions\/560"}],"up":[{"embeddable":true,"href":"https:\/\/dederer.ch\/geigenbau\/wp-json\/wp\/v2\/pages\/137"}],"wp:attachment":[{"href":"https:\/\/dederer.ch\/geigenbau\/wp-json\/wp\/v2\/media?parent=74"}],"curies":[{"name":"wp","href":"https:\/\/api.w.org\/{rel}","templated":true}]}}