{"id":47,"date":"2015-06-29T07:25:09","date_gmt":"2015-06-29T07:25:09","guid":{"rendered":"http:\/\/dederer.ch\/geigenbau\/?page_id=47"},"modified":"2015-09-16T15:33:32","modified_gmt":"2015-09-16T15:33:32","slug":"bogen-und-service","status":"publish","type":"page","link":"https:\/\/dederer.ch\/geigenbau\/werkstatt\/bogen-und-service\/","title":{"rendered":"Bogen und Service"},"content":{"rendered":"<p>1993 habe ich im Atelier Jecklin\u00a0 in Z\u00fcrich bei Andrea Bozzini Bogenbehaaren und weitere Bogenarbeiten gelernt. Von Bogenmacher <a href=\"http:\/\/www.gerbeth.at\" target=\"_blank\">Thomas Gerbeth<\/a>\u00a0 in Wien habe ich wichtige Impulse erhalten. So konnte ich \u00fcber die Jahre meine Technik verfeinern. Seither habe ich weit \u00fcber tausend B\u00f6gen behaart.<\/p>\n<p><img loading=\"lazy\" decoding=\"async\" class=\"alignnone wp-image-19 size-full\" src=\"http:\/\/dederer.ch\/geigenbau\/wp-content\/uploads\/bogen.jpg\" alt=\"bogen\" width=\"130\" height=\"130\" \/>\n<\/p>\n<p>Es sind auch kurzfristig Behaarungen m\u00f6glich.<br \/>\n <a href=\"http:\/\/dederer.ch\/geigenbau\/kontakt\/\">Bitte kontaktieren Sie mich<\/a>.<\/p>\n<p>&nbsp;<\/p>\n","protected":false},"excerpt":{"rendered":"<p>1993 habe ich im Atelier Jecklin\u00a0 in Z\u00fcrich bei Andrea Bozzini Bogenbehaaren und weitere Bogenarbeiten gelernt. Von Bogenmacher Thomas Gerbeth\u00a0 in Wien habe ich wichtige Impulse erhalten. So konnte ich \u00fcber die Jahre meine Technik verfeinern. Seither habe ich weit \u00fcber tausend B\u00f6gen behaart. Es sind auch kurzfristig Behaarungen m\u00f6glich. Bitte kontaktieren Sie mich. &nbsp;<\/p>\n","protected":false},"author":1,"featured_media":0,"parent":137,"menu_order":8,"comment_status":"closed","ping_status":"open","template":"","meta":{"footnotes":""},"class_list":["post-47","page","type-page","status-publish","hentry"],"_links":{"self":[{"href":"https:\/\/dederer.ch\/geigenbau\/wp-json\/wp\/v2\/pages\/47","targetHints":{"allow":["GET"]}}],"collection":[{"href":"https:\/\/dederer.ch\/geigenbau\/wp-json\/wp\/v2\/pages"}],"about":[{"href":"https:\/\/dederer.ch\/geigenbau\/wp-json\/wp\/v2\/types\/page"}],"author":[{"embeddable":true,"href":"https:\/\/dederer.ch\/geigenbau\/wp-json\/wp\/v2\/users\/1"}],"replies":[{"embeddable":true,"href":"https:\/\/dederer.ch\/geigenbau\/wp-json\/wp\/v2\/comments?post=47"}],"version-history":[{"count":10,"href":"https:\/\/dederer.ch\/geigenbau\/wp-json\/wp\/v2\/pages\/47\/revisions"}],"predecessor-version":[{"id":435,"href":"https:\/\/dederer.ch\/geigenbau\/wp-json\/wp\/v2\/pages\/47\/revisions\/435"}],"up":[{"embeddable":true,"href":"https:\/\/dederer.ch\/geigenbau\/wp-json\/wp\/v2\/pages\/137"}],"wp:attachment":[{"href":"https:\/\/dederer.ch\/geigenbau\/wp-json\/wp\/v2\/media?parent=47"}],"curies":[{"name":"wp","href":"https:\/\/api.w.org\/{rel}","templated":true}]}}