{"id":357,"date":"2015-09-09T16:54:08","date_gmt":"2015-09-09T16:54:08","guid":{"rendered":"http:\/\/dederer.ch\/geigenbau\/?page_id=357"},"modified":"2019-12-02T23:40:25","modified_gmt":"2019-12-02T23:40:25","slug":"presse","status":"publish","type":"page","link":"https:\/\/dederer.ch\/geigenbau\/presse\/","title":{"rendered":"Presse"},"content":{"rendered":"<div>An annual event of Contemporary violin\/bow makers exhibition since 2011. Curated by Reed Yeboah Fine Violin in New York City <a href=\"http:\/\/www.reedyeboahfineviolns.com\">www.reedyeboahfineviolns.com<\/a> <iframe loading=\"lazy\" src=\"https:\/\/www.youtube.com\/embed\/maNVZpnmHGo\" width=\"560\" height=\"315\" frameborder=\"0\" allowfullscreen=\"allowfullscreen\"><\/iframe><\/div>\r\n<p>&nbsp;<\/p>\r\n<p>Aktuell im Blog von <a href=\"https:\/\/www.prontopro.ch\/de\/\" target=\"_blank\" rel=\"follow noopener noreferrer\">ProntoPro<\/a> gibt es ein <a href=\"https:\/\/www.prontopro.ch\/de\/blog\/geigenbauerin\/\" target=\"_blank\" rel=\"follow noopener noreferrer\"><strong>Interview<\/strong><\/a> zu lesen, in dem ich von meinem sch\u00f6nen Beruf erz\u00e4hlen durfte. Danke f\u00fcr die Ver\u00f6ffentlichung!<\/p>\r\n<p>B\u00fchne f\u00fcr verborgenen Talente &#8211;\u00a0<a href=\"http:\/\/dederer.ch\/geigenbau\/wp-content\/uploads\/NZZ_Engelhorn.pdf\">NZZ am Sonntag, 24. Juni 2018<\/a><\/p>\r\n<p><a href=\"http:\/\/dederer.ch\/geigenbau\/wp-content\/uploads\/MySpace-FOR-UD.pdf\">MySpace &#8211; The Strad Magazine 2016, June 2016<\/a><\/p>\r\n<p>Inspired by the Amatis: Ulrike Dederer (c. 2012) &#8211; Exhibition &#8222;Stradivarius &#8211; Origins and legacy of the greatest violin maker&#8220; at the MIM in Phoenix\/Arizona, <a href=\"http:\/\/dederer.ch\/geigenbau\/wp-content\/uploads\/2015-12-02-Exhibition-Catalog_LowRes.pdf\">-&gt; Exhibition Catalog<\/a><\/p>\r\n<p><a href=\"http:\/\/dederer.ch\/geigenbau\/wp-content\/uploads\/Baedeker-Wissen.jpg\"><img loading=\"lazy\" decoding=\"async\" class=\"size-medium wp-image-91 alignnone\" src=\"http:\/\/dederer.ch\/geigenbau\/wp-content\/uploads\/Baedeker-Wissen-300x169.jpg\" alt=\"Baedeker Wissen\" width=\"300\" height=\"169\" srcset=\"https:\/\/dederer.ch\/geigenbau\/wp-content\/uploads\/Baedeker-Wissen-300x169.jpg 300w, https:\/\/dederer.ch\/geigenbau\/wp-content\/uploads\/Baedeker-Wissen-1024x576.jpg 1024w, https:\/\/dederer.ch\/geigenbau\/wp-content\/uploads\/Baedeker-Wissen.jpg 1200w\" sizes=\"auto, (max-width: 300px) 100vw, 300px\" \/><\/a><\/p>\r\n<p>Wissen \u2013 Baedeker Edition 2013, <br \/>\r\nOberitalienische Seen\/Lombardei\/Mailand<strong><em><br \/>\r\n<\/em><\/strong><\/p>\r\n<p>Le Viole di Ulrike &#8211; <a title=\"pdf, 1.6KB\" href=\"http:\/\/dederer.ch\/geigenbau\/wp-content\/uploads\/MestieridArte.pdf\">Mestieri d\u2019Arte, Aprile 2013<\/a><\/p>\r\n<p>Was sich nicht sagen l\u00e4sst \u2013 <a href=\"http:\/\/dederer.ch\/geigenbau\/wp-content\/uploads\/SoAk.pdf\">Sonntag Aktuell, 17.2.2013<\/a><\/p>\r\n<p><a title=\"pdf, 680KB\" href=\"http:\/\/dederer.ch\/doc\/archi_feb2013.pdf\">I Vincitori del 13. Concorso Triennale Internationale<\/a><br \/>\r\nArchi Magazine Jan.\/Feb. 2013<\/p>\r\n<p><a title=\"pdf, 320KB\" href=\"http:\/\/dederer.ch\/doc\/thestrad_dec2012.pdf\">A week in my life<\/a>, The Strad, 28. Sept. 2012<\/p>\r\n<p><a title=\"pdf, 6.1MB\" href=\"http:\/\/www.dederer.ch\/doc\/archi_dec2012.pdf\">Una nuova edizione da record per le Olimpiadi della Liuteria<\/a> <br \/>\r\nArchi Magizine Nov.\/Dez. 2012<\/p>\r\n<p><a title=\"pdf, 180KB\" href=\"http:\/\/www.dederer.ch\/doc\/thestrad_sept2012.pdf\">Female maker takes Triennale gold<\/a><br \/>\r\nThe Strad, 28. Sept. 2012<\/p>\r\n<p><a title=\" (pdf, 650KB)\" href=\"http:\/\/www.dederer.ch\/doc\/provincia_sept2012.pdf\">Triennale 2012<\/a><br \/>\r\nLa Provincia, 28. Sept. 2012<\/p>\r\n<p class=\"firstp\"><a title=\"pdf, 850KB\" href=\"http:\/\/www.lkz.de\/home_artikel,-Aufstieg-in-den-Olymp-der-Geigenbauer-_arid,315603.html\" target=\"_blank\" rel=\"noopener noreferrer\">Aufstieg in den Olymp der Geigenbauer<\/a><br \/>\r\nLudwigsburger Kreiszeitung<span class=\"firstp\"> \u2013 Samstag, 25. Juni 2011<\/span><\/p>\r\n<p><a title=\"pdf, 2.3MB\" href=\"http:\/\/www.dederer.ch\/doc\/dedererF.pdf\">Wir bauen heute Instrumente von der Qualit\u00e4t einer Stradivari<\/a><br \/>\r\nTages-Anzeiger \u2013 Dienstag, 21. Juni 2011<\/p>\r\n<p><a title=\"pdf, 2.2KB\" href=\"http:\/\/dederer.ch\/geigenbau\/wp-content\/uploads\/JostThoene.pdf\">Contemporary Violin Makers<\/a><br \/>\r\nJost Th\u00f6ne Publications 2006, Volume 1<br \/>\r\n(Jost Th\u00f6ne Verlag, <a href=\"https:\/\/www.violinbooks.com\/product_info.php?products_id=24&amp;MODsid=o0v7ogbe7cbitd6tivvg0tso84\" target=\"_blank\" rel=\"noopener noreferrer\">Violinbooks<\/a>)<\/p>\r\n","protected":false},"excerpt":{"rendered":"<p>An annual event of Contemporary violin\/bow makers exhibition since 2011. Curated by Reed Yeboah Fine Violin in New York City www.reedyeboahfineviolns.com &nbsp; Aktuell im Blog von ProntoPro gibt es ein Interview zu lesen, in dem ich von meinem sch\u00f6nen Beruf erz\u00e4hlen durfte. Danke f\u00fcr die Ver\u00f6ffentlichung! B\u00fchne f\u00fcr verborgenen Talente &#8211;\u00a0NZZ am Sonntag, 24. Juni &hellip; <a href=\"https:\/\/dederer.ch\/geigenbau\/presse\/\" class=\"more-link\"><span class=\"screen-reader-text\">Presse<\/span> weiterlesen <span class=\"meta-nav\">&rarr;<\/span><\/a><\/p>\n","protected":false},"author":2,"featured_media":0,"parent":0,"menu_order":0,"comment_status":"closed","ping_status":"closed","template":"","meta":{"footnotes":""},"class_list":["post-357","page","type-page","status-publish","hentry"],"_links":{"self":[{"href":"https:\/\/dederer.ch\/geigenbau\/wp-json\/wp\/v2\/pages\/357","targetHints":{"allow":["GET"]}}],"collection":[{"href":"https:\/\/dederer.ch\/geigenbau\/wp-json\/wp\/v2\/pages"}],"about":[{"href":"https:\/\/dederer.ch\/geigenbau\/wp-json\/wp\/v2\/types\/page"}],"author":[{"embeddable":true,"href":"https:\/\/dederer.ch\/geigenbau\/wp-json\/wp\/v2\/users\/2"}],"replies":[{"embeddable":true,"href":"https:\/\/dederer.ch\/geigenbau\/wp-json\/wp\/v2\/comments?post=357"}],"version-history":[{"count":14,"href":"https:\/\/dederer.ch\/geigenbau\/wp-json\/wp\/v2\/pages\/357\/revisions"}],"predecessor-version":[{"id":724,"href":"https:\/\/dederer.ch\/geigenbau\/wp-json\/wp\/v2\/pages\/357\/revisions\/724"}],"wp:attachment":[{"href":"https:\/\/dederer.ch\/geigenbau\/wp-json\/wp\/v2\/media?parent=357"}],"curies":[{"name":"wp","href":"https:\/\/api.w.org\/{rel}","templated":true}]}}